{"id":2,"date":"2013-10-24T05:32:53","date_gmt":"2013-10-24T05:32:53","guid":{"rendered":"https:\/\/info-christianisme.org\/qui-sommes-nous"},"modified":"2022-07-19T09:11:16","modified_gmt":"2022-07-19T13:11:16","slug":"qui-sommes-nous","status":"publish","type":"page","link":"https:\/\/relaismontroyal.org\/info-christianisme.org\/wp\/?page_id=2","title":{"rendered":"Qui sommes-nous ?"},"content":{"rendered":"<p><span style=\"line-height: 1.5;\"><span style=\"line-height: 1.5;\"><a href=\"https:\/\/i0.wp.com\/info-christianisme.org\/wp\/wp-content\/uploads\/2013\/10\/DSC00985.jpg\"><img data-recalc-dims=\"1\" loading=\"lazy\" decoding=\"async\" class=\"alignright size-medium wp-image-292\" src=\"https:\/\/i0.wp.com\/info-christianisme.org\/wp\/wp-content\/uploads\/2013\/10\/DSC00985-300x225.jpg?resize=300%2C225\" alt=\"Table de la fraternit\u00e9\" width=\"300\" height=\"225\" srcset=\"https:\/\/i0.wp.com\/relaismontroyal.org\/info-christianisme.org\/wp\/wp-content\/uploads\/2013\/10\/DSC00985.jpg?resize=300%2C225&amp;ssl=1 300w, https:\/\/i0.wp.com\/relaismontroyal.org\/info-christianisme.org\/wp\/wp-content\/uploads\/2013\/10\/DSC00985.jpg?w=450&amp;ssl=1 450w\" sizes=\"auto, (max-width: 300px) 100vw, 300px\" \/><\/a>Ce site voudrait donner en des textes simples et courts des \u00e9l\u00e9ments de r\u00e9ponse aux personnes qui cherchent \u00e0 conna\u00eetre ou approfondir le message de J\u00e9sus tel qu&rsquo;il a \u00e9t\u00e9 compris au long de l&rsquo;histoire par les diff\u00e9rentes \u00c9glises et par des personnes individuelles.<\/span><\/span><\/p>\n<p>Il est anim\u00e9 par l&rsquo;\u00e9quipe du <a title=\"Relais Mont-Royal\" href=\"http:\/\/www.relaismontroyal.org\" target=\"_blank\" rel=\"noopener\">Relais Mont-Royal<\/a>, \u00e0 Montr\u00e9al (Qu\u00e9bec).<\/p>\n","protected":false},"excerpt":{"rendered":"<p>Ce site voudrait donner en des textes simples et courts des \u00e9l\u00e9ments de r\u00e9ponse aux personnes qui cherchent \u00e0 conna\u00eetre ou approfondir le message de J\u00e9sus tel qu&rsquo;il a \u00e9t\u00e9 compris au long de l&rsquo;histoire par les diff\u00e9rentes \u00c9glises et par des personnes individuelles. Il est anim\u00e9 par l&rsquo;\u00e9quipe du Relais Mont-Royal, \u00e0 Montr\u00e9al (Qu\u00e9bec).<\/p>\n","protected":false},"author":1,"featured_media":0,"parent":0,"menu_order":0,"comment_status":"open","ping_status":"open","template":"","meta":{"jetpack_post_was_ever_published":false,"footnotes":""},"class_list":["post-2","page","type-page","status-publish","hentry"],"jetpack_sharing_enabled":true,"_links":{"self":[{"href":"https:\/\/relaismontroyal.org\/info-christianisme.org\/wp\/index.php?rest_route=\/wp\/v2\/pages\/2","targetHints":{"allow":["GET"]}}],"collection":[{"href":"https:\/\/relaismontroyal.org\/info-christianisme.org\/wp\/index.php?rest_route=\/wp\/v2\/pages"}],"about":[{"href":"https:\/\/relaismontroyal.org\/info-christianisme.org\/wp\/index.php?rest_route=\/wp\/v2\/types\/page"}],"author":[{"embeddable":true,"href":"https:\/\/relaismontroyal.org\/info-christianisme.org\/wp\/index.php?rest_route=\/wp\/v2\/users\/1"}],"replies":[{"embeddable":true,"href":"https:\/\/relaismontroyal.org\/info-christianisme.org\/wp\/index.php?rest_route=%2Fwp%2Fv2%2Fcomments&post=2"}],"version-history":[{"count":15,"href":"https:\/\/relaismontroyal.org\/info-christianisme.org\/wp\/index.php?rest_route=\/wp\/v2\/pages\/2\/revisions"}],"predecessor-version":[{"id":1536,"href":"https:\/\/relaismontroyal.org\/info-christianisme.org\/wp\/index.php?rest_route=\/wp\/v2\/pages\/2\/revisions\/1536"}],"wp:attachment":[{"href":"https:\/\/relaismontroyal.org\/info-christianisme.org\/wp\/index.php?rest_route=%2Fwp%2Fv2%2Fmedia&parent=2"}],"curies":[{"name":"wp","href":"https:\/\/api.w.org\/{rel}","templated":true}]}}