{"id":205,"date":"2013-11-14T17:15:31","date_gmt":"2013-11-14T22:15:31","guid":{"rendered":"https:\/\/info-christianisme.org\/du-pain-sur-la-table"},"modified":"2022-07-19T10:20:08","modified_gmt":"2022-07-19T14:20:08","slug":"du-pain-sur-la-table","status":"publish","type":"page","link":"https:\/\/relaismontroyal.org\/info-christianisme.org\/wp\/?page_id=205","title":{"rendered":"Du pain sur la table"},"content":{"rendered":"<p>\u00ab\u00a0<strong>Du pain sur la table<\/strong>\u00a0\u00bb \u00e9tait le nom d&rsquo;une \u00e9mission diffus\u00e9e sur les ondes de\u00a0<a title=\"Radio Ville-Marie\" href=\"http:\/\/www.radiovm.com\/\" target=\"_blank\" rel=\"noopener noreferrer\">Radio Ville-Marie<\/a>\u00a0entre 1995 et 2003 \u00e0 l&rsquo;initiative de l&rsquo;\u00c9cole de la Foi de Montr\u00e9al (la Q\u00e9hilla) et avec le concours du\u00a0<a title=\"Relais Mont-Royal\" href=\"http:\/\/www.relaismontroyal.org\/\" target=\"_blank\" rel=\"noopener noreferrer\">Relais Mont-Royal<\/a>.\u00a0Georges Convert et Andr\u00e9 Choquette y donnaient toutes les semaines, leurs commentaires sur les \u00c9vangiles.<\/p>\n<p><span style=\"line-height: 1.5;\">Ici sont rassembl\u00e9s toutes les retranscriptions r\u00e9sum\u00e9es de cette \u00e9mission au\u00a0<\/span><a style=\"line-height: 1.5;\" title=\"Adobe Reader\" href=\"http:\/\/get.adobe.com\/reader\/\" target=\"_blank\" rel=\"noopener noreferrer\">format .pdf<\/a><span style=\"line-height: 1.5;\">\u00a0ainsi que\u00a0les enregistrements originaux au format .mp3\u00a0.<\/span><\/p>\n<table style=\"border: none;\" border=\"0\" cellspacing=\"0\" cellpadding=\"0\">\n<tbody>\n<tr>\n<td><\/td>\n<td><\/td>\n<td><\/td>\n<\/tr>\n<tr>\n<td style=\"text-align: center; border: none;\"><strong>Ann\u00e9e A<br \/>\n\u2013 Matthieu \u2013<\/strong><\/td>\n<td style=\"text-align: center; border: none;\"><strong>Ann\u00e9e B<br \/>\n\u2013 Marc \u2013<\/strong><\/td>\n<td style=\"text-align: center; border: none;\"><strong>Ann\u00e9e C<br \/>\n\u2013 Luc \u2013<\/strong><\/td>\n<\/tr>\n<tr>\n<td style=\"text-align: center; border: none;\"><a href=\"\/info-christianisme.org\/wp\/?page_id=221\"><img data-recalc-dims=\"1\" loading=\"lazy\" decoding=\"async\" class=\"aligncenter wp-image-344\" src=\"https:\/\/i0.wp.com\/info-christianisme.org\/wp\/wp-content\/uploads\/2014\/01\/Matthieu.png?resize=200%2C200\" alt=\"Ann\u00e9e A - Matthieu\" width=\"200\" height=\"200\" srcset=\"https:\/\/i0.wp.com\/relaismontroyal.org\/info-christianisme.org\/wp\/wp-content\/uploads\/2014\/01\/Matthieu.png?w=200&amp;ssl=1 200w, https:\/\/i0.wp.com\/relaismontroyal.org\/info-christianisme.org\/wp\/wp-content\/uploads\/2014\/01\/Matthieu.png?resize=150%2C150&amp;ssl=1 150w\" sizes=\"auto, (max-width: 200px) 100vw, 200px\" \/><\/a><\/td>\n<td style=\"text-align: center; border: none;\"><a href=\"\/info-christianisme.org\/wp\/?page_id=230\"><img data-recalc-dims=\"1\" loading=\"lazy\" decoding=\"async\" class=\"aligncenter wp-image-343\" src=\"https:\/\/i0.wp.com\/info-christianisme.org\/wp\/wp-content\/uploads\/2014\/01\/Marc.png?resize=200%2C200\" alt=\"Ann\u00e9e B - Marc\" width=\"200\" height=\"200\" srcset=\"https:\/\/i0.wp.com\/relaismontroyal.org\/info-christianisme.org\/wp\/wp-content\/uploads\/2014\/01\/Marc.png?w=200&amp;ssl=1 200w, https:\/\/i0.wp.com\/relaismontroyal.org\/info-christianisme.org\/wp\/wp-content\/uploads\/2014\/01\/Marc.png?resize=150%2C150&amp;ssl=1 150w\" sizes=\"auto, (max-width: 200px) 100vw, 200px\" \/><\/a><\/td>\n<td style=\"text-align: center; border: none;\"><a href=\"\/info-christianisme.org\/wp\/?page_id=238\"><img data-recalc-dims=\"1\" loading=\"lazy\" decoding=\"async\" class=\"aligncenter wp-image-342\" src=\"https:\/\/i0.wp.com\/info-christianisme.org\/wp\/wp-content\/uploads\/2014\/01\/Luc.png?resize=200%2C200\" alt=\"Ann\u00e9e C - Luc\" width=\"200\" height=\"200\" srcset=\"https:\/\/i0.wp.com\/relaismontroyal.org\/info-christianisme.org\/wp\/wp-content\/uploads\/2014\/01\/Luc.png?w=200&amp;ssl=1 200w, https:\/\/i0.wp.com\/relaismontroyal.org\/info-christianisme.org\/wp\/wp-content\/uploads\/2014\/01\/Luc.png?resize=150%2C150&amp;ssl=1 150w\" sizes=\"auto, (max-width: 200px) 100vw, 200px\" \/><\/a><\/td>\n<\/tr>\n<tr>\n<td style=\"text-align: center; border: none;\"><a title=\"Ann\u00e9e A (2013-2014)\" href=\"\/info-christianisme.org\/wp\/?page_id=221\">Les commentaires en .pdf<\/a><\/td>\n<td style=\"text-align: center; border: none;\"><a title=\"Ann\u00e9e B (2014-2015)\" href=\"\/info-christianisme.org\/wp\/?page_id=230\">Les commentaires en .pdf<\/a><\/td>\n<td style=\"text-align: center; border: none;\"><a title=\"Ann\u00e9e C (2015-2016)\" href=\"\/info-christianisme.org\/wp\/?page_id=238\">Les commentaires en .pdf<\/a><\/td>\n<\/tr>\n<tr>\n<td style=\"text-align: center; border: none;\"><a href=\"\/info-christianisme.org\/wp\/wp-content\/uploads\/2014\/01\/Archive-Ann\u00e9e-A.zip\">Archives compl\u00e8tes (.zip)<\/a><\/td>\n<td style=\"text-align: center; border: none;\"><a href=\"http:\/\/info-christianisme.org\/wp\/wp-content\/uploads\/2014\/01\/Archive-Ann\u00e9e-B.zip\">Archives compl\u00e8tes (.zip)<\/a><\/td>\n<td style=\"text-align: center; border: none;\"><a href=\"\/info-christianisme.org\/wp\/wp-content\/uploads\/2014\/01\/Archive-Ann\u00e9e-C.zip\">Archives compl\u00e8tes (.zip)<\/a><\/td>\n<\/tr>\n<\/tbody>\n<\/table>\n<h3>Les enregistrements de l&rsquo;\u00e9mission sont aussi disponibles au format .mp3<\/h3>\n<table style=\"border: none;\" border=\"0\" cellspacing=\"0\" cellpadding=\"0\">\n<tbody>\n<tr>\n<td><\/td>\n<td><\/td>\n<td><\/td>\n<\/tr>\n<tr>\n<td style=\"text-align: center; border: none;\"><a href=\"\/info-christianisme.org\/wp\/?page_id=596\"><img data-recalc-dims=\"1\" loading=\"lazy\" decoding=\"async\" class=\"alignnone\" src=\"https:\/\/i0.wp.com\/info-christianisme.org\/wp\/wp-content\/uploads\/2013\/11\/croix-mp3.png?resize=138%2C53\" alt=\"Du pain sur la table (MP3)\" width=\"138\" height=\"53\" \/><\/a><\/td>\n<td style=\"text-align: center; border: none;\"><a href=\"\/info-christianisme.org\/wp\/?page_id=598\"><img data-recalc-dims=\"1\" loading=\"lazy\" decoding=\"async\" class=\"alignnone\" src=\"https:\/\/i0.wp.com\/info-christianisme.org\/wp\/wp-content\/uploads\/2013\/11\/croix-mp3.png?resize=138%2C53\" alt=\"Du pain sur la table (MP3)\" width=\"138\" height=\"53\" \/><\/a><\/td>\n<td style=\"text-align: center; border: none;\"><a href=\"\/info-christianisme.org\/wp\/?page_id=600\"><img data-recalc-dims=\"1\" loading=\"lazy\" decoding=\"async\" class=\"alignnone\" src=\"https:\/\/i0.wp.com\/info-christianisme.org\/wp\/wp-content\/uploads\/2013\/11\/croix-mp3.png?resize=138%2C53\" alt=\"Du pain sur la table (MP3)\" width=\"138\" height=\"53\" \/><\/a><\/td>\n<\/tr>\n<tr>\n<td style=\"text-align: center; border: none;\"><strong><a title=\"Ann\u00e9e A (enregistrements audio)\" href=\"\/info-christianisme.org\/wp\/?page_id=596\">Ann\u00e9e A<\/a><\/strong><\/td>\n<td style=\"text-align: center; border: none;\"><strong><a title=\"Ann\u00e9e B (enregistrements audio)\" href=\"\/info-christianisme.org\/wp\/?page_id=598\">Ann\u00e9e B<\/a><\/strong><\/td>\n<td style=\"text-align: center; border: none;\"><strong><a title=\"Ann\u00e9e C (enregistrements audio)\" href=\"\/info-christianisme.org\/wp\/?page_id=600\">Ann\u00e9e C<\/a><\/strong><\/td>\n<\/tr>\n<\/tbody>\n<\/table>\n","protected":false},"excerpt":{"rendered":"<p>\u00ab\u00a0Du pain sur la table\u00a0\u00bb \u00e9tait le nom d&rsquo;une \u00e9mission diffus\u00e9e sur les ondes de\u00a0Radio Ville-Marie\u00a0entre 1995 et 2003 \u00e0 l&rsquo;initiative de l&rsquo;\u00c9cole de la Foi de Montr\u00e9al (la Q\u00e9hilla) et avec le concours du\u00a0Relais Mont-Royal.\u00a0Georges Convert et Andr\u00e9 Choquette y donnaient toutes les semaines, leurs commentaires sur les \u00c9vangiles. Ici sont rassembl\u00e9s toutes les [&hellip;]<\/p>\n","protected":false},"author":1,"featured_media":0,"parent":210,"menu_order":1,"comment_status":"closed","ping_status":"open","template":"","meta":{"jetpack_post_was_ever_published":false,"footnotes":""},"class_list":["post-205","page","type-page","status-publish","hentry"],"jetpack_sharing_enabled":true,"_links":{"self":[{"href":"https:\/\/relaismontroyal.org\/info-christianisme.org\/wp\/index.php?rest_route=\/wp\/v2\/pages\/205","targetHints":{"allow":["GET"]}}],"collection":[{"href":"https:\/\/relaismontroyal.org\/info-christianisme.org\/wp\/index.php?rest_route=\/wp\/v2\/pages"}],"about":[{"href":"https:\/\/relaismontroyal.org\/info-christianisme.org\/wp\/index.php?rest_route=\/wp\/v2\/types\/page"}],"author":[{"embeddable":true,"href":"https:\/\/relaismontroyal.org\/info-christianisme.org\/wp\/index.php?rest_route=\/wp\/v2\/users\/1"}],"replies":[{"embeddable":true,"href":"https:\/\/relaismontroyal.org\/info-christianisme.org\/wp\/index.php?rest_route=%2Fwp%2Fv2%2Fcomments&post=205"}],"version-history":[{"count":85,"href":"https:\/\/relaismontroyal.org\/info-christianisme.org\/wp\/index.php?rest_route=\/wp\/v2\/pages\/205\/revisions"}],"predecessor-version":[{"id":1564,"href":"https:\/\/relaismontroyal.org\/info-christianisme.org\/wp\/index.php?rest_route=\/wp\/v2\/pages\/205\/revisions\/1564"}],"up":[{"embeddable":true,"href":"https:\/\/relaismontroyal.org\/info-christianisme.org\/wp\/index.php?rest_route=\/wp\/v2\/pages\/210"}],"wp:attachment":[{"href":"https:\/\/relaismontroyal.org\/info-christianisme.org\/wp\/index.php?rest_route=%2Fwp%2Fv2%2Fmedia&parent=205"}],"curies":[{"name":"wp","href":"https:\/\/api.w.org\/{rel}","templated":true}]}}