{"id":210,"date":"2013-11-14T17:30:36","date_gmt":"2013-11-14T22:30:36","guid":{"rendered":"https:\/\/info-christianisme.org\/accueil"},"modified":"2022-07-19T09:08:40","modified_gmt":"2022-07-19T13:08:40","slug":"accueil","status":"publish","type":"page","link":"https:\/\/relaismontroyal.org\/info-christianisme.org\/wp\/","title":{"rendered":"Accueil"},"content":{"rendered":"<p><a href=\"\/info-christianisme.org\/wp\/?page_id=205\"><img data-recalc-dims=\"1\" loading=\"lazy\" decoding=\"async\" class=\"alignnone wp-image-954 size-full\" src=\"https:\/\/i0.wp.com\/relaismontroyal.org\/info-christianisme.org\/wp\/wp-content\/uploads\/2014\/01\/Livre.png?resize=960%2C240&#038;ssl=1\" alt=\"Commentaires des \u00e9vangiles\" width=\"960\" height=\"240\" srcset=\"https:\/\/i0.wp.com\/relaismontroyal.org\/info-christianisme.org\/wp\/wp-content\/uploads\/2014\/01\/Livre.png?w=1000&amp;ssl=1 1000w, https:\/\/i0.wp.com\/relaismontroyal.org\/info-christianisme.org\/wp\/wp-content\/uploads\/2014\/01\/Livre.png?resize=300%2C75&amp;ssl=1 300w\" sizes=\"auto, (max-width: 960px) 100vw, 960px\" \/><\/a><\/p>\n<p>&nbsp;<\/p>\n<table style=\"border: none;\" cellspacing=\"0\" cellpadding=\"0\">\n<tbody>\n<tr>\n<td style=\"text-align: center; border: none;\" data-wp-editing=\"1\"><a href=\"\/info-christianisme.org\/wp\/?page_id=205\"><img data-recalc-dims=\"1\" loading=\"lazy\" decoding=\"async\" class=\"aligncenter wp-image-350\" title=\"Du pain sur la table\" src=\"https:\/\/i0.wp.com\/info-christianisme.org\/wp\/wp-content\/uploads\/2013\/11\/Pain-sur-la-table.png?resize=230%2C89\" alt=\"Du pain sur la table\" width=\"230\" height=\"89\" \/><\/a><br \/>\n<strong><a title=\"Du pain sur la table\" href=\"\/info-christianisme.org\/wp\/?page_id=205\">Du Pain sur la Table<\/a><\/strong><br \/>\n<a title=\"Du pain sur la table\" href=\"\/info-christianisme.org\/wp\/?page_id=205\">(commentaires des \u00e9vangiles)<\/a><\/td>\n<td style=\"text-align: center; border: none;\"><a href=\"\/info-christianisme.org\/wp\/?page_id=327\"><img data-recalc-dims=\"1\" loading=\"lazy\" decoding=\"async\" class=\"aligncenter wp-image-325\" title=\"Ieschoua, dit J\u00e9sus\" src=\"https:\/\/i0.wp.com\/info-christianisme.org\/wp\/wp-content\/uploads\/2014\/01\/Vid%C3%A9os-Ieschoua.png?resize=230%2C89\" alt=\"Ieschoua, dit J\u00e9sus\" width=\"230\" height=\"89\" \/><\/a><br \/>\n<strong><a title=\"Ieschoua, dit J\u00e9sus\" href=\"\/info-christianisme.org\/wp\/?page_id=327\">Ieschoua, dit J\u00e9sus<\/a><\/strong><br \/>\n<a title=\"Ieschoua, dit J\u00e9sus\" href=\"\/info-christianisme.org\/wp\/?page_id=327\">(vid\u00e9os)<\/a><\/td>\n<td style=\"text-align: center; border: none;\"><a href=\"\/info-christianisme.org\/wp\/?page_id=329\"><img data-recalc-dims=\"1\" loading=\"lazy\" decoding=\"async\" class=\"aligncenter wp-image-324\" title=\"Actes des ap\u00f4tres\" src=\"https:\/\/i0.wp.com\/info-christianisme.org\/wp\/wp-content\/uploads\/2014\/01\/Vid%C3%A9os-%C3%89vangiles.png?resize=230%2C89\" alt=\"Actes des ap\u00f4tres\" width=\"230\" height=\"89\" \/><\/a><br \/>\n<strong><a title=\"Actes des ap\u00f4tres\" href=\"\/info-christianisme.org\/wp\/?page_id=329\">Les actes des ap\u00f4tres<\/a><\/strong><br \/>\n<a title=\"Actes des ap\u00f4tres\" href=\"\/info-christianisme.org\/wp\/?page_id=329\">(vid\u00e9os)<\/a><\/td>\n<\/tr>\n<\/tbody>\n<\/table>\n","protected":false},"excerpt":{"rendered":"<p>&nbsp; Du Pain sur la Table (commentaires des \u00e9vangiles) Ieschoua, dit J\u00e9sus (vid\u00e9os) Les actes des ap\u00f4tres (vid\u00e9os)<\/p>\n","protected":false},"author":1,"featured_media":0,"parent":0,"menu_order":0,"comment_status":"closed","ping_status":"open","template":"","meta":{"footnotes":""},"class_list":["post-210","page","type-page","status-publish","hentry"],"jetpack_sharing_enabled":true,"_links":{"self":[{"href":"https:\/\/relaismontroyal.org\/info-christianisme.org\/wp\/index.php?rest_route=\/wp\/v2\/pages\/210","targetHints":{"allow":["GET"]}}],"collection":[{"href":"https:\/\/relaismontroyal.org\/info-christianisme.org\/wp\/index.php?rest_route=\/wp\/v2\/pages"}],"about":[{"href":"https:\/\/relaismontroyal.org\/info-christianisme.org\/wp\/index.php?rest_route=\/wp\/v2\/types\/page"}],"author":[{"embeddable":true,"href":"https:\/\/relaismontroyal.org\/info-christianisme.org\/wp\/index.php?rest_route=\/wp\/v2\/users\/1"}],"replies":[{"embeddable":true,"href":"https:\/\/relaismontroyal.org\/info-christianisme.org\/wp\/index.php?rest_route=%2Fwp%2Fv2%2Fcomments&post=210"}],"version-history":[{"count":65,"href":"https:\/\/relaismontroyal.org\/info-christianisme.org\/wp\/index.php?rest_route=\/wp\/v2\/pages\/210\/revisions"}],"predecessor-version":[{"id":1534,"href":"https:\/\/relaismontroyal.org\/info-christianisme.org\/wp\/index.php?rest_route=\/wp\/v2\/pages\/210\/revisions\/1534"}],"wp:attachment":[{"href":"https:\/\/relaismontroyal.org\/info-christianisme.org\/wp\/index.php?rest_route=%2Fwp%2Fv2%2Fmedia&parent=210"}],"curies":[{"name":"wp","href":"https:\/\/api.w.org\/{rel}","templated":true}]}}