{"id":230,"date":"2013-11-19T18:22:18","date_gmt":"2013-11-19T23:22:18","guid":{"rendered":"https:\/\/info-christianisme.org\/annee-b-2017-2018"},"modified":"2022-07-19T10:08:21","modified_gmt":"2022-07-19T14:08:21","slug":"annee-b-2017-2018","status":"publish","type":"page","link":"https:\/\/relaismontroyal.org\/info-christianisme.org\/wp\/?page_id=230","title":{"rendered":"Ann\u00e9e B (pdf)"},"content":{"rendered":"<p>Voici l&rsquo;int\u00e9grale des commentaires des \u00e9vangiles des dimanches pour l&rsquo;ann\u00e9e B\u00a0:<br \/>\n(vous pouvez aussi\u00a0<a href=\"\/info-christianisme.org\/wp\/wp-content\/uploads\/2014\/01\/Archive-Ann\u00e9e-B.zip\">t\u00e9l\u00e9charger l&rsquo;ensemble des fichiers au format .zip<\/a>)<\/p>\n<p>&nbsp;<\/p>\n<table style=\"border: none;\" cellspacing=\"0\" cellpadding=\"0\">\n<tbody>\n<tr>\n<td valign=\"top\"><a href=\"\/info-christianisme.org\/wp\/wp-content\/uploads\/2014\/01\/1aventB.pdf\">1er dimanche de l&rsquo;Avent<\/a><\/td>\n<\/tr>\n<tr>\n<td valign=\"top\"><a href=\"\/info-christianisme.org\/wp\/wp-content\/uploads\/2014\/01\/2aventB.pdf\">2\u00e8me dimanche de l&rsquo;Avent<\/a><\/td>\n<\/tr>\n<tr>\n<td valign=\"top\"><a href=\"\/info-christianisme.org\/wp\/wp-content\/uploads\/2014\/01\/3aventB.pdf\">3\u00e8me dimanche de l&rsquo;Avent<\/a><\/td>\n<\/tr>\n<tr>\n<td valign=\"top\"><a href=\"\/info-christianisme.org\/wp\/wp-content\/uploads\/2014\/01\/4aventB.pdf\">4\u00e8me dimanche de l&rsquo;Avent<\/a><\/td>\n<\/tr>\n<tr>\n<td valign=\"top\"><a href=\"\/info-christianisme.org\/wp\/wp-content\/uploads\/2014\/01\/noelB.pdf\">No\u00ebl<\/a><\/td>\n<\/tr>\n<tr>\n<td valign=\"top\"><a href=\"\/info-christianisme.org\/wp\/wp-content\/uploads\/2014\/01\/stefamilleB.pdf\">La Sainte Famille<\/a><\/td>\n<\/tr>\n<tr>\n<td valign=\"top\"><a href=\"\/info-christianisme.org\/wp\/wp-content\/uploads\/2014\/01\/epiphanieB.pdf\">Epiphanie du Seigneur<\/a><\/td>\n<\/tr>\n<tr>\n<td valign=\"top\"><a href=\"\/info-christianisme.org\/wp\/wp-content\/uploads\/2014\/01\/baptemeB.pdf\">Bapt\u00eame du Seigneur<\/a><\/td>\n<\/tr>\n<tr>\n<td valign=\"top\"><a href=\"\/info-christianisme.org\/wp\/wp-content\/uploads\/2014\/01\/2ordinaireB.pdf\">2\u00e8me dimanche du temps ordinaire<\/a><\/td>\n<\/tr>\n<tr>\n<td valign=\"top\"><a href=\"\/info-christianisme.org\/wp\/wp-content\/uploads\/2014\/01\/3ordinaireB.pdf\">3\u00e8me dimanche du temps ordinaire<\/a><\/td>\n<\/tr>\n<tr>\n<td valign=\"top\"><a href=\"\/info-christianisme.org\/wp\/wp-content\/uploads\/2014\/01\/4ordinaireB.pdf\">4\u00e8me dimanche du temps ordinaire<\/a><\/td>\n<\/tr>\n<tr>\n<td valign=\"top\"><a href=\"\/info-christianisme.org\/wp\/wp-content\/uploads\/2014\/01\/5ordinaireB.pdf\">5\u00e8me dimanche du temps ordinaire<\/a><\/td>\n<\/tr>\n<tr>\n<td valign=\"top\"><a href=\"\/info-christianisme.org\/wp\/wp-content\/uploads\/2014\/01\/6ordinaireB.pdf\">6\u00e8me dimanche du temps ordinaire<\/a><\/td>\n<\/tr>\n<tr>\n<td valign=\"top\"><a href=\"\/info-christianisme.org\/wp\/wp-content\/uploads\/2014\/01\/7ordinaireB.pdf\">7\u00e8me dimanche du temps ordinaire<\/a><\/td>\n<\/tr>\n<tr>\n<td valign=\"top\"><a href=\"\/info-christianisme.org\/wp\/wp-content\/uploads\/2014\/01\/8ordinaireB.pdf\">8\u00e8me dimanche du temps ordinaire<\/a><\/td>\n<\/tr>\n<tr>\n<td valign=\"top\"><a href=\"\/info-christianisme.org\/wp\/wp-content\/uploads\/2014\/01\/9ordinaireB.pdf\">9\u00e8me dimanche du temps ordinaire<\/a><\/td>\n<\/tr>\n<tr>\n<td valign=\"top\"><a href=\"\/info-christianisme.org\/wp\/wp-content\/uploads\/2014\/01\/1caremeB.pdf\">1er dimanche de Car\u00eame<\/a><\/td>\n<\/tr>\n<tr>\n<td valign=\"top\"><a href=\"\/info-christianisme.org\/wp\/wp-content\/uploads\/2014\/01\/2caremeB.pdf\">2\u00e8me dimanche de Car\u00eame<\/a><\/td>\n<\/tr>\n<tr>\n<td valign=\"top\"><a href=\"\/info-christianisme.org\/wp\/wp-content\/uploads\/2014\/01\/3caremeB.pdf\">3\u00e8me dimanche de Car\u00eame<\/a><\/td>\n<\/tr>\n<tr>\n<td valign=\"top\"><a href=\"\/info-christianisme.org\/wp\/wp-content\/uploads\/2014\/01\/4caremeB.pdf\">4\u00e8me dimanche de Car\u00eame<\/a><\/td>\n<\/tr>\n<tr>\n<td valign=\"top\"><a href=\"\/info-christianisme.org\/wp\/wp-content\/uploads\/2014\/01\/5caremeB.pdf\">5\u00e8me dimanche de Car\u00eame<\/a><\/td>\n<\/tr>\n<tr>\n<td valign=\"top\"><a href=\"\/info-christianisme.org\/wp\/wp-content\/uploads\/2014\/01\/rameauxB.pdf\">Dimanche des Rameaux et de la Passion<\/a><\/td>\n<\/tr>\n<tr>\n<td valign=\"top\"><a href=\"\/info-christianisme.org\/wp\/wp-content\/uploads\/2014\/01\/1paquesB.pdf\">P\u00e2ques, dimanche de la r\u00e9surrection<\/a><\/td>\n<\/tr>\n<tr>\n<td valign=\"top\"><a href=\"\/info-christianisme.org\/wp\/wp-content\/uploads\/2014\/01\/2paquesB.pdf\">2\u00e8me dimanche de P\u00e2ques<\/a><\/td>\n<\/tr>\n<tr>\n<td valign=\"top\"><a href=\"\/info-christianisme.org\/wp\/wp-content\/uploads\/2014\/01\/3paquesB.pdf\">3\u00e8me dimanche de P\u00e2ques<\/a><\/td>\n<\/tr>\n<tr>\n<td valign=\"top\"><a href=\"\/info-christianisme.org\/wp\/wp-content\/uploads\/2014\/01\/4paquesB.pdf\">4\u00e8me dimanche de P\u00e2ques<\/a><\/td>\n<\/tr>\n<tr>\n<td valign=\"top\"><a href=\"\/info-christianisme.org\/wp\/wp-content\/uploads\/2014\/01\/5paquesB.pdf\">5\u00e8me dimanche de P\u00e2ques<\/a><\/td>\n<\/tr>\n<tr>\n<td valign=\"top\"><a href=\"\/info-christianisme.org\/wp\/wp-content\/uploads\/2014\/01\/6paquesB.pdf\">6\u00e8me dimanche de P\u00e2ques<\/a><\/td>\n<\/tr>\n<tr>\n<td valign=\"top\"><a href=\"\/info-christianisme.org\/wp\/wp-content\/uploads\/2014\/01\/ascensionB.pdf\">Ascension<\/a><\/td>\n<\/tr>\n<tr>\n<td valign=\"top\"><a href=\"\/info-christianisme.org\/wp\/wp-content\/uploads\/2014\/01\/pentecoteB.pdf\">Pentec\u00f4te<\/a><\/td>\n<\/tr>\n<tr>\n<td valign=\"top\"><a href=\"\/info-christianisme.org\/wp\/wp-content\/uploads\/2014\/01\/trinit\u00e9B.pdf\">Sainte Trinit\u00e9<\/a><\/td>\n<\/tr>\n<tr>\n<td valign=\"top\"><a href=\"\/info-christianisme.org\/wp\/wp-content\/uploads\/2014\/01\/st-sacrementB.pdf\">Saint Sacrement<\/a><\/td>\n<\/tr>\n<tr>\n<td valign=\"top\"><a href=\"\/info-christianisme.org\/wp\/wp-content\/uploads\/2014\/01\/11ordinaireB.pdf\">11\u00e8me dimanche du temps ordinaire<\/a><\/td>\n<\/tr>\n<tr>\n<td valign=\"top\"><a href=\"\/info-christianisme.org\/wp\/wp-content\/uploads\/2014\/01\/12ordinaireB.pdf\">12\u00e8me dimanche du temps ordinaire<\/a><\/td>\n<\/tr>\n<tr>\n<td valign=\"top\"><a href=\"\/info-christianisme.org\/wp\/wp-content\/uploads\/2014\/01\/13ordinaireB.pdf\">13\u00e8me dimanche du temps ordinaire<\/a><\/td>\n<\/tr>\n<tr>\n<td valign=\"top\"><a href=\"\/info-christianisme.org\/wp\/wp-content\/uploads\/2014\/01\/14ordinaireB.pdf\">14\u00e8me dimanche du temps ordinaire<\/a><\/td>\n<\/tr>\n<tr>\n<td valign=\"top\"><a href=\"\/info-christianisme.org\/wp\/wp-content\/uploads\/2014\/01\/15ordinaireB.pdf\">15\u00e8me dimanche du temps ordinaire<\/a><\/td>\n<\/tr>\n<tr>\n<td valign=\"top\"><a href=\"\/info-christianisme.org\/wp\/wp-content\/uploads\/2014\/01\/16ordinaireB.pdf\">16\u00e8me dimanche du temps ordinaire<\/a><\/td>\n<\/tr>\n<tr>\n<td valign=\"top\"><a href=\"\/info-christianisme.org\/wp\/wp-content\/uploads\/2014\/01\/17ordinaireB.pdf\">17\u00e8me dimanche du temps ordinaire<\/a><\/td>\n<\/tr>\n<tr>\n<td valign=\"top\"><a href=\"\/info-christianisme.org\/wp\/wp-content\/uploads\/2014\/01\/18ordinaireB.pdf\">18\u00e8me dimanche du temps ordinaire<\/a><\/td>\n<\/tr>\n<tr>\n<td valign=\"top\"><a href=\"\/info-christianisme.org\/wp\/wp-content\/uploads\/2014\/01\/19ordinaireB.pdf\">19\u00e8me dimanche du temps ordinaire<\/a><\/td>\n<\/tr>\n<tr>\n<td valign=\"top\"><a href=\"\/info-christianisme.org\/wp\/wp-content\/uploads\/2014\/01\/20ordinaireB.pdf\">20\u00e8me dimanche du temps ordinaire<\/a><\/td>\n<\/tr>\n<tr>\n<td valign=\"top\"><a href=\"\/info-christianisme.org\/wp\/wp-content\/uploads\/2014\/01\/21ordinaireB.pdf\">21\u00e8me dimanche du temps ordinaire<\/a><\/td>\n<\/tr>\n<tr>\n<td valign=\"top\"><a href=\"\/info-christianisme.org\/wp\/wp-content\/uploads\/2014\/01\/22ordinaireB.pdf\">22\u00e8me dimanche du temps ordinaire<\/a><\/td>\n<\/tr>\n<tr>\n<td valign=\"top\"><a href=\"\/info-christianisme.org\/wp\/wp-content\/uploads\/2014\/01\/23ordinaireB.pdf\">23\u00e8me dimanche du temps ordinaire<\/a><\/td>\n<\/tr>\n<tr>\n<td valign=\"top\"><a href=\"\/info-christianisme.org\/wp\/wp-content\/uploads\/2014\/01\/24ordinaireB.pdf\">24\u00e8me dimanche du temps ordinaire<\/a><\/td>\n<\/tr>\n<tr>\n<td valign=\"top\"><a href=\"\/info-christianisme.org\/wp\/wp-content\/uploads\/2014\/01\/25ordinaireB.pdf\">25\u00e8me dimanche du temps ordinaire<\/a><\/td>\n<\/tr>\n<tr>\n<td valign=\"top\"><a href=\"\/info-christianisme.org\/wp\/wp-content\/uploads\/2014\/01\/26ordinaireB.pdf\">26\u00e8me dimanche du temps ordinaire<\/a><\/td>\n<\/tr>\n<tr>\n<td valign=\"top\"><a href=\"\/info-christianisme.org\/wp\/wp-content\/uploads\/2014\/01\/27ordinaireB.pdf\">27\u00e8me dimanche du temps ordinaire<\/a><\/td>\n<\/tr>\n<tr>\n<td valign=\"top\"><a href=\"\/info-christianisme.org\/wp\/wp-content\/uploads\/2014\/01\/28ordinaireB.pdf\">28\u00e8me dimanche du temps ordinaire<\/a><\/td>\n<\/tr>\n<tr>\n<td valign=\"top\"><a href=\"\/info-christianisme.org\/wp\/wp-content\/uploads\/2014\/01\/29ordinaireB.pdf\">29\u00e8me dimanche du temps ordinaire<\/a><\/td>\n<\/tr>\n<tr>\n<td valign=\"top\"><a href=\"\/info-christianisme.org\/wp\/wp-content\/uploads\/2014\/01\/30ordinaireB.pdf\">30\u00e8me dimanche du temps ordinaire<\/a><\/td>\n<\/tr>\n<tr>\n<td valign=\"top\"><a href=\"\/info-christianisme.org\/wp\/wp-content\/uploads\/2014\/01\/31ordinaireB.pdf\">31\u00e8me dimanche du temps ordinaire<\/a><\/td>\n<\/tr>\n<tr>\n<td valign=\"top\"><a href=\"\/info-christianisme.org\/wp\/wp-content\/uploads\/2014\/01\/32ordinaireB.pdf\">32\u00e8me dimanche du temps ordinaire<\/a><\/td>\n<\/tr>\n<tr>\n<td valign=\"top\"><a href=\"\/info-christianisme.org\/wp\/wp-content\/uploads\/2014\/01\/33ordinaireB.pdf\">33\u00e8me dimanche du temps ordinaire<\/a><\/td>\n<\/tr>\n<tr>\n<td valign=\"top\"><a href=\"\/info-christianisme.org\/wp\/wp-content\/uploads\/2014\/01\/christ-roiB.pdf\">Christ, Roi de l&rsquo;univers<\/a><\/td>\n<\/tr>\n<\/tbody>\n<\/table>\n","protected":false},"excerpt":{"rendered":"<p>Voici l&rsquo;int\u00e9grale des commentaires des \u00e9vangiles des dimanches pour l&rsquo;ann\u00e9e B\u00a0: (vous pouvez aussi\u00a0t\u00e9l\u00e9charger l&rsquo;ensemble des fichiers au format .zip) &nbsp; 1er dimanche de l&rsquo;Avent 2\u00e8me dimanche de l&rsquo;Avent 3\u00e8me dimanche de l&rsquo;Avent 4\u00e8me dimanche de l&rsquo;Avent No\u00ebl La Sainte Famille Epiphanie du Seigneur Bapt\u00eame du Seigneur 2\u00e8me dimanche du temps ordinaire 3\u00e8me dimanche du [&hellip;]<\/p>\n","protected":false},"author":1,"featured_media":0,"parent":205,"menu_order":2,"comment_status":"closed","ping_status":"open","template":"","meta":{"jetpack_post_was_ever_published":false,"footnotes":""},"class_list":["post-230","page","type-page","status-publish","hentry"],"jetpack_sharing_enabled":true,"_links":{"self":[{"href":"https:\/\/relaismontroyal.org\/info-christianisme.org\/wp\/index.php?rest_route=\/wp\/v2\/pages\/230","targetHints":{"allow":["GET"]}}],"collection":[{"href":"https:\/\/relaismontroyal.org\/info-christianisme.org\/wp\/index.php?rest_route=\/wp\/v2\/pages"}],"about":[{"href":"https:\/\/relaismontroyal.org\/info-christianisme.org\/wp\/index.php?rest_route=\/wp\/v2\/types\/page"}],"author":[{"embeddable":true,"href":"https:\/\/relaismontroyal.org\/info-christianisme.org\/wp\/index.php?rest_route=\/wp\/v2\/users\/1"}],"replies":[{"embeddable":true,"href":"https:\/\/relaismontroyal.org\/info-christianisme.org\/wp\/index.php?rest_route=%2Fwp%2Fv2%2Fcomments&post=230"}],"version-history":[{"count":30,"href":"https:\/\/relaismontroyal.org\/info-christianisme.org\/wp\/index.php?rest_route=\/wp\/v2\/pages\/230\/revisions"}],"predecessor-version":[{"id":1559,"href":"https:\/\/relaismontroyal.org\/info-christianisme.org\/wp\/index.php?rest_route=\/wp\/v2\/pages\/230\/revisions\/1559"}],"up":[{"embeddable":true,"href":"https:\/\/relaismontroyal.org\/info-christianisme.org\/wp\/index.php?rest_route=\/wp\/v2\/pages\/205"}],"wp:attachment":[{"href":"https:\/\/relaismontroyal.org\/info-christianisme.org\/wp\/index.php?rest_route=%2Fwp%2Fv2%2Fmedia&parent=230"}],"curies":[{"name":"wp","href":"https:\/\/api.w.org\/{rel}","templated":true}]}}