{"id":327,"date":"2014-01-24T17:03:00","date_gmt":"2014-01-24T22:03:00","guid":{"rendered":"https:\/\/info-christianisme.org\/ieschoua-dit-jesus"},"modified":"2022-07-19T09:22:25","modified_gmt":"2022-07-19T13:22:25","slug":"ieschoua-dit-jesus","status":"publish","type":"page","link":"https:\/\/relaismontroyal.org\/info-christianisme.org\/wp\/?page_id=327","title":{"rendered":"Ieschoua, dit J\u00e9sus"},"content":{"rendered":"<p><strong>\u00ab\u00a0Ieschoua, dit J\u00e9sus\u00a0\u00bb<\/strong>, est un documentaire\u00a0de 12 s\u00e9quences de 30 minutes sur la vie de J\u00e9sus. Propos\u00e9 par l&rsquo;archev\u00each\u00e9 de Montr\u00e9al et avec la participation de l&rsquo;\u00c9cole de la Foi de Montr\u00e9al (la Q\u00e9hilla) et la fondation canadienne de la vid\u00e9o religieuse, il a \u00e9t\u00e9 con\u00e7u et pr\u00e9sent\u00e9 par Georges Convert, accompagn\u00e9 par Jean-Fran\u00e7ois Casabonne et Dani\u00e8le Panneton.\u00a0Publi\u00e9 en\u00a0DVD, il est aussi\u00a0<a title=\"Ieschoua, dit J\u00e9sus - M\u00e9diaspaul\" href=\"http:\/\/mediaspaul.ca\/catalogue\/ieschoua-dit-jesus-528\" target=\"_blank\" rel=\"noopener\">accompagn\u00e9 d&rsquo;un livre, publi\u00e9 chez M\u00e9diaspaul<\/a>.<\/p>\n<p>\u00c0 ce DVD est propos\u00e9 un autre livre <em><a title=\"Parcours d'\u00c9vangile - M\u00e9diaspaul\" href=\"http:\/\/mediaspaul.ca\/catalogue\/parcours-devangile-527\" target=\"_blank\" rel=\"noopener\">Parcours d&rsquo;\u00c9vangile<\/a><\/em>\u00a0\u2013 \u00e9crit par Georges Convert, comme \u00a0instrument d&rsquo;initiation \u00e0 la vie chr\u00e9tienne.<\/p>\n<table style=\"border: none;\" cellspacing=\"0\" cellpadding=\"0\">\n<tbody>\n<tr>\n<td style=\"text-align: center; border: none;\"><div style=\"width: 320px;\" class=\"wp-video\"><video class=\"wp-video-shortcode\" id=\"video-327-1\" width=\"320\" height=\"240\" preload=\"metadata\" controls=\"controls\"><source type=\"video\/mp4\" src=\"\/info-christianisme.org\/wp\/wp-content\/uploads\/2014\/01\/ieshoua_1.mp4?_=1\" \/><a href=\"\/info-christianisme.org\/wp\/wp-content\/uploads\/2014\/01\/ieshoua_1.mp4\">\/info-christianisme.org\/wp\/wp-content\/uploads\/2014\/01\/ieshoua_1.mp4<\/a><\/video><\/div><\/td>\n<td style=\"text-align: center; border: none;\"><div style=\"width: 320px;\" class=\"wp-video\"><video class=\"wp-video-shortcode\" id=\"video-327-2\" width=\"320\" height=\"240\" preload=\"metadata\" controls=\"controls\"><source type=\"video\/mp4\" src=\"\/info-christianisme.org\/wp\/wp-content\/uploads\/2014\/01\/ieshoua_2.mp4?_=2\" \/><a href=\"\/info-christianisme.org\/wp\/wp-content\/uploads\/2014\/01\/ieshoua_2.mp4\">\/info-christianisme.org\/wp\/wp-content\/uploads\/2014\/01\/ieshoua_2.mp4<\/a><\/video><\/div><\/td>\n<td style=\"text-align: center; border: none;\"><div style=\"width: 320px;\" class=\"wp-video\"><video class=\"wp-video-shortcode\" id=\"video-327-3\" width=\"320\" height=\"240\" preload=\"metadata\" controls=\"controls\"><source type=\"video\/mp4\" src=\"\/info-christianisme.org\/wp\/wp-content\/uploads\/2014\/01\/ieshoua_3.mp4?_=3\" \/><a href=\"\/info-christianisme.org\/wp\/wp-content\/uploads\/2014\/01\/ieshoua_3.mp4\">\/info-christianisme.org\/wp\/wp-content\/uploads\/2014\/01\/ieshoua_3.mp4<\/a><\/video><\/div><\/td>\n<\/tr>\n<tr>\n<td style=\"text-align: center;\"><span style=\"color: #141412; font-family: 'Source Sans Pro', Helvetica, sans-serif; font-size: medium;\"><span style=\"line-height: 24px;\">\u00c9pisode 1<\/span><\/span><\/td>\n<td style=\"text-align: center;\"><span style=\"color: #141412; font-family: 'Source Sans Pro', Helvetica, sans-serif; font-size: medium;\"><span style=\"line-height: 24px;\">\u00c9pisode 2<\/span><\/span><\/td>\n<td style=\"text-align: center;\"><span style=\"color: #141412; font-family: 'Source Sans Pro', Helvetica, sans-serif; font-size: medium;\"><span style=\"line-height: 24px;\">\u00c9pisode 3<\/span><\/span><\/td>\n<\/tr>\n<tr>\n<td style=\"text-align: center; border: none;\"><div style=\"width: 320px;\" class=\"wp-video\"><video class=\"wp-video-shortcode\" id=\"video-327-4\" width=\"320\" height=\"240\" preload=\"metadata\" controls=\"controls\"><source type=\"video\/mp4\" src=\"\/info-christianisme.org\/wp\/wp-content\/uploads\/2014\/01\/ieshoua_4.mp4?_=4\" \/><a href=\"\/info-christianisme.org\/wp\/wp-content\/uploads\/2014\/01\/ieshoua_4.mp4\">\/info-christianisme.org\/wp\/wp-content\/uploads\/2014\/01\/ieshoua_4.mp4<\/a><\/video><\/div><\/td>\n<td style=\"text-align: center; border: none;\"><div style=\"width: 320px;\" class=\"wp-video\"><video class=\"wp-video-shortcode\" id=\"video-327-5\" width=\"320\" height=\"240\" preload=\"metadata\" controls=\"controls\"><source type=\"video\/mp4\" src=\"\/info-christianisme.org\/wp\/wp-content\/uploads\/2014\/01\/ieshoua_5.mp4?_=5\" \/><a href=\"\/info-christianisme.org\/wp\/wp-content\/uploads\/2014\/01\/ieshoua_5.mp4\">\/info-christianisme.org\/wp\/wp-content\/uploads\/2014\/01\/ieshoua_5.mp4<\/a><\/video><\/div><\/td>\n<td style=\"text-align: center; border: none;\"><div style=\"width: 320px;\" class=\"wp-video\"><video class=\"wp-video-shortcode\" id=\"video-327-6\" width=\"320\" height=\"240\" preload=\"metadata\" controls=\"controls\"><source type=\"video\/mp4\" src=\"\/info-christianisme.org\/wp\/wp-content\/uploads\/2014\/01\/ieshoua_6.mp4?_=6\" \/><a href=\"\/info-christianisme.org\/wp\/wp-content\/uploads\/2014\/01\/ieshoua_6.mp4\">\/info-christianisme.org\/wp\/wp-content\/uploads\/2014\/01\/ieshoua_6.mp4<\/a><\/video><\/div><\/td>\n<\/tr>\n<tr>\n<td style=\"text-align: center;\"><span style=\"color: #141412; font-family: 'Source Sans Pro', Helvetica, sans-serif; font-size: medium;\"><span style=\"line-height: 24px;\">\u00c9pisode 4<\/span><\/span><\/td>\n<td style=\"text-align: center;\"><span style=\"color: #141412; font-family: 'Source Sans Pro', Helvetica, sans-serif; font-size: medium;\"><span style=\"line-height: 24px;\">\u00c9pisode 5<\/span><\/span><\/td>\n<td style=\"text-align: center;\"><span style=\"color: #141412; font-family: 'Source Sans Pro', Helvetica, sans-serif; font-size: medium;\"><span style=\"line-height: 24px;\">\u00c9pisode 6<\/span><\/span><\/td>\n<\/tr>\n<tr>\n<td style=\"text-align: center; border: none;\"><div style=\"width: 320px;\" class=\"wp-video\"><video class=\"wp-video-shortcode\" id=\"video-327-7\" width=\"320\" height=\"240\" preload=\"metadata\" controls=\"controls\"><source type=\"video\/mp4\" src=\"\/info-christianisme.org\/wp\/wp-content\/uploads\/2014\/01\/ieshoua_7.mp4?_=7\" \/><a href=\"\/info-christianisme.org\/wp\/wp-content\/uploads\/2014\/01\/ieshoua_7.mp4\">\/info-christianisme.org\/wp\/wp-content\/uploads\/2014\/01\/ieshoua_7.mp4<\/a><\/video><\/div><\/td>\n<td style=\"text-align: center; border: none;\"><div style=\"width: 320px;\" class=\"wp-video\"><video class=\"wp-video-shortcode\" id=\"video-327-8\" width=\"320\" height=\"240\" preload=\"metadata\" controls=\"controls\"><source type=\"video\/mp4\" src=\"\/info-christianisme.org\/wp\/wp-content\/uploads\/2014\/01\/ieshoua_8.mp4?_=8\" \/><a href=\"\/info-christianisme.org\/wp\/wp-content\/uploads\/2014\/01\/ieshoua_8.mp4\">\/info-christianisme.org\/wp\/wp-content\/uploads\/2014\/01\/ieshoua_8.mp4<\/a><\/video><\/div><\/td>\n<td style=\"text-align: center; border: none;\"><div style=\"width: 320px;\" class=\"wp-video\"><video class=\"wp-video-shortcode\" id=\"video-327-9\" width=\"320\" height=\"240\" preload=\"metadata\" controls=\"controls\"><source type=\"video\/mp4\" src=\"\/info-christianisme.org\/wp\/wp-content\/uploads\/2014\/01\/ieshoua_9.mp4?_=9\" \/><a href=\"\/info-christianisme.org\/wp\/wp-content\/uploads\/2014\/01\/ieshoua_9.mp4\">\/info-christianisme.org\/wp\/wp-content\/uploads\/2014\/01\/ieshoua_9.mp4<\/a><\/video><\/div><\/td>\n<\/tr>\n<tr>\n<td style=\"text-align: center;\"><span style=\"color: #141412; font-family: 'Source Sans Pro', Helvetica, sans-serif; font-size: medium;\"><span style=\"line-height: 24px;\">\u00c9pisode 7<\/span><\/span><\/td>\n<td style=\"text-align: center;\"><span style=\"color: #141412; font-family: 'Source Sans Pro', Helvetica, sans-serif; font-size: medium;\"><span style=\"line-height: 24px;\">\u00c9pisode 8<\/span><\/span><\/td>\n<td style=\"text-align: center;\"><span style=\"color: #141412; font-family: 'Source Sans Pro', Helvetica, sans-serif; font-size: medium;\"><span style=\"line-height: 24px;\">\u00c9pisode 9<\/span><\/span><\/td>\n<\/tr>\n<tr>\n<td style=\"text-align: center; border: none;\"><div style=\"width: 320px;\" class=\"wp-video\"><video class=\"wp-video-shortcode\" id=\"video-327-10\" width=\"320\" height=\"240\" preload=\"metadata\" controls=\"controls\"><source type=\"video\/mp4\" src=\"\/info-christianisme.org\/wp\/wp-content\/uploads\/2014\/01\/ieshoua_10.mp4?_=10\" \/><a href=\"\/info-christianisme.org\/wp\/wp-content\/uploads\/2014\/01\/ieshoua_10.mp4\">\/info-christianisme.org\/wp\/wp-content\/uploads\/2014\/01\/ieshoua_10.mp4<\/a><\/video><\/div><\/td>\n<td style=\"text-align: center; border: none;\"><div style=\"width: 320px;\" class=\"wp-video\"><video class=\"wp-video-shortcode\" id=\"video-327-11\" width=\"320\" height=\"240\" preload=\"metadata\" controls=\"controls\"><source type=\"video\/mp4\" src=\"\/info-christianisme.org\/wp\/wp-content\/uploads\/2014\/01\/ieshoua_11.mp4?_=11\" \/><a href=\"\/info-christianisme.org\/wp\/wp-content\/uploads\/2014\/01\/ieshoua_11.mp4\">\/info-christianisme.org\/wp\/wp-content\/uploads\/2014\/01\/ieshoua_11.mp4<\/a><\/video><\/div><\/td>\n<td style=\"text-align: center; border: none;\"><div style=\"width: 320px;\" class=\"wp-video\"><video class=\"wp-video-shortcode\" id=\"video-327-12\" width=\"320\" height=\"240\" preload=\"metadata\" controls=\"controls\"><source type=\"video\/mp4\" src=\"\/info-christianisme.org\/wp\/wp-content\/uploads\/2014\/01\/ieshoua_12.mp4?_=12\" \/><a href=\"\/info-christianisme.org\/wp\/wp-content\/uploads\/2014\/01\/ieshoua_12.mp4\">\/info-christianisme.org\/wp\/wp-content\/uploads\/2014\/01\/ieshoua_12.mp4<\/a><\/video><\/div><\/td>\n<\/tr>\n<tr>\n<td style=\"text-align: center;\"><span style=\"color: #141412; font-family: 'Source Sans Pro', Helvetica, sans-serif; font-size: medium;\"><span style=\"line-height: 24px;\">\u00c9pisode 10<\/span><\/span><\/td>\n<td style=\"text-align: center;\"><span style=\"color: #141412; font-family: 'Source Sans Pro', Helvetica, sans-serif; font-size: medium;\"><span style=\"line-height: 24px;\">\u00c9pisode 11<\/span><\/span><\/td>\n<td style=\"text-align: center;\"><span style=\"color: #141412; font-family: 'Source Sans Pro', Helvetica, sans-serif; font-size: medium;\"><span style=\"line-height: 24px;\">\u00c9pisode 12<\/span><\/span><\/td>\n<\/tr>\n<\/tbody>\n<\/table>\n","protected":false},"excerpt":{"rendered":"<p>\u00ab\u00a0Ieschoua, dit J\u00e9sus\u00a0\u00bb, est un documentaire\u00a0de 12 s\u00e9quences de 30 minutes sur la vie de J\u00e9sus. Propos\u00e9 par l&rsquo;archev\u00each\u00e9 de Montr\u00e9al et avec la participation de l&rsquo;\u00c9cole de la Foi de Montr\u00e9al (la Q\u00e9hilla) et la fondation canadienne de la vid\u00e9o religieuse, il a \u00e9t\u00e9 con\u00e7u et pr\u00e9sent\u00e9 par Georges Convert, accompagn\u00e9 par Jean-Fran\u00e7ois Casabonne [&hellip;]<\/p>\n","protected":false},"author":1,"featured_media":0,"parent":210,"menu_order":2,"comment_status":"closed","ping_status":"open","template":"","meta":{"jetpack_post_was_ever_published":false,"footnotes":""},"class_list":["post-327","page","type-page","status-publish","hentry"],"jetpack_sharing_enabled":true,"_links":{"self":[{"href":"https:\/\/relaismontroyal.org\/info-christianisme.org\/wp\/index.php?rest_route=\/wp\/v2\/pages\/327","targetHints":{"allow":["GET"]}}],"collection":[{"href":"https:\/\/relaismontroyal.org\/info-christianisme.org\/wp\/index.php?rest_route=\/wp\/v2\/pages"}],"about":[{"href":"https:\/\/relaismontroyal.org\/info-christianisme.org\/wp\/index.php?rest_route=\/wp\/v2\/types\/page"}],"author":[{"embeddable":true,"href":"https:\/\/relaismontroyal.org\/info-christianisme.org\/wp\/index.php?rest_route=\/wp\/v2\/users\/1"}],"replies":[{"embeddable":true,"href":"https:\/\/relaismontroyal.org\/info-christianisme.org\/wp\/index.php?rest_route=%2Fwp%2Fv2%2Fcomments&post=327"}],"version-history":[{"count":19,"href":"https:\/\/relaismontroyal.org\/info-christianisme.org\/wp\/index.php?rest_route=\/wp\/v2\/pages\/327\/revisions"}],"predecessor-version":[{"id":1540,"href":"https:\/\/relaismontroyal.org\/info-christianisme.org\/wp\/index.php?rest_route=\/wp\/v2\/pages\/327\/revisions\/1540"}],"up":[{"embeddable":true,"href":"https:\/\/relaismontroyal.org\/info-christianisme.org\/wp\/index.php?rest_route=\/wp\/v2\/pages\/210"}],"wp:attachment":[{"href":"https:\/\/relaismontroyal.org\/info-christianisme.org\/wp\/index.php?rest_route=%2Fwp%2Fv2%2Fmedia&parent=327"}],"curies":[{"name":"wp","href":"https:\/\/api.w.org\/{rel}","templated":true}]}}