{"id":329,"date":"2014-01-24T17:03:23","date_gmt":"2014-01-24T22:03:23","guid":{"rendered":"https:\/\/info-christianisme.org\/les-actes-des-apotres"},"modified":"2022-07-19T09:26:30","modified_gmt":"2022-07-19T13:26:30","slug":"les-actes-des-apotres","status":"publish","type":"page","link":"https:\/\/relaismontroyal.org\/info-christianisme.org\/wp\/?page_id=329","title":{"rendered":"Les actes des ap\u00f4tres"},"content":{"rendered":"<p><strong>\u00ab\u00a0Les actes des ap\u00f4tres\u00a0\u00bb<\/strong>, est une \u00e9mission r\u00e9alis\u00e9e par Georges Convert.<\/p>\n<table style=\"border: none;\" cellspacing=\"0\" cellpadding=\"0\">\n<tbody>\n<tr>\n<td style=\"text-align: center; border: none;\"><div style=\"width: 320px;\" class=\"wp-video\"><video class=\"wp-video-shortcode\" id=\"video-329-1\" width=\"320\" height=\"240\" preload=\"metadata\" controls=\"controls\"><source type=\"video\/mp4\" src=\"\/info-christianisme.org\/wp\/wp-content\/uploads\/2014\/01\/actes_1.mp4?_=1\" \/><a href=\"\/info-christianisme.org\/wp\/wp-content\/uploads\/2014\/01\/actes_1.mp4\">\/info-christianisme.org\/wp\/wp-content\/uploads\/2014\/01\/actes_1.mp4<\/a><\/video><\/div><\/td>\n<td style=\"text-align: center; border: none;\"><div style=\"width: 320px;\" class=\"wp-video\"><video class=\"wp-video-shortcode\" id=\"video-329-2\" width=\"320\" height=\"240\" preload=\"metadata\" controls=\"controls\"><source type=\"video\/mp4\" src=\"\/info-christianisme.org\/wp\/wp-content\/uploads\/2014\/01\/actes_2.mp4?_=2\" \/><a href=\"\/info-christianisme.org\/wp\/wp-content\/uploads\/2014\/01\/actes_2.mp4\">\/info-christianisme.org\/wp\/wp-content\/uploads\/2014\/01\/actes_2.mp4<\/a><\/video><\/div><\/td>\n<td style=\"text-align: center; border: none;\"><div style=\"width: 320px;\" class=\"wp-video\"><video class=\"wp-video-shortcode\" id=\"video-329-3\" width=\"320\" height=\"240\" preload=\"metadata\" controls=\"controls\"><source type=\"video\/mp4\" src=\"\/info-christianisme.org\/wp\/wp-content\/uploads\/2014\/01\/actes_3.mp4?_=3\" \/><a href=\"\/info-christianisme.org\/wp\/wp-content\/uploads\/2014\/01\/actes_3.mp4\">\/info-christianisme.org\/wp\/wp-content\/uploads\/2014\/01\/actes_3.mp4<\/a><\/video><\/div><\/td>\n<\/tr>\n<tr>\n<td style=\"text-align: center; border: none;\">\u00c9pisode 1<\/td>\n<td style=\"text-align: center; border: none;\">\u00c9pisode 2<\/td>\n<td style=\"text-align: center; border: none;\">\u00c9pisode 3<\/td>\n<\/tr>\n<tr>\n<td style=\"text-align: center;\"><a href=\"\/info-christianisme.org\/wp\/wp-content\/uploads\/2014\/01\/actes_1.pdf\">Le texte en .pdf<\/a><\/td>\n<td style=\"text-align: center;\"><a href=\"\/info-christianisme.org\/wp\/wp-content\/uploads\/2014\/01\/actes_2.pdf\">Le texte en .pdf<\/a><\/td>\n<td style=\"text-align: center;\"><a href=\"\/info-christianisme.org\/wp\/wp-content\/uploads\/2014\/01\/actes_3.pdf\">Le texte en .pdf<\/a><\/td>\n<\/tr>\n<tr>\n<td style=\"text-align: center; border: none;\"><div style=\"width: 352px;\" class=\"wp-video\"><video class=\"wp-video-shortcode\" id=\"video-329-4\" width=\"352\" height=\"240\" preload=\"metadata\" controls=\"controls\"><source type=\"video\/mp4\" src=\"\/info-christianisme.org\/wp\/wp-content\/uploads\/2014\/01\/actes_4.mp4?_=4\" \/><a href=\"\/info-christianisme.org\/wp\/wp-content\/uploads\/2014\/01\/actes_4.mp4\">\/info-christianisme.org\/wp\/wp-content\/uploads\/2014\/01\/actes_4.mp4<\/a><\/video><\/div><\/td>\n<td style=\"text-align: center; border: none;\"><div style=\"width: 320px;\" class=\"wp-video\"><video class=\"wp-video-shortcode\" id=\"video-329-5\" width=\"320\" height=\"240\" preload=\"metadata\" controls=\"controls\"><source type=\"video\/mp4\" src=\"\/info-christianisme.org\/wp\/wp-content\/uploads\/2014\/01\/actes_5.mp4?_=5\" \/><a href=\"\/info-christianisme.org\/wp\/wp-content\/uploads\/2014\/01\/actes_5.mp4\">\/info-christianisme.org\/wp\/wp-content\/uploads\/2014\/01\/actes_5.mp4<\/a><\/video><\/div><\/td>\n<td style=\"text-align: center; border: none;\"><div style=\"width: 320px;\" class=\"wp-video\"><video class=\"wp-video-shortcode\" id=\"video-329-6\" width=\"320\" height=\"240\" preload=\"metadata\" controls=\"controls\"><source type=\"video\/mp4\" src=\"\/info-christianisme.org\/wp\/wp-content\/uploads\/2014\/01\/actes_6.mp4?_=6\" \/><a href=\"\/info-christianisme.org\/wp\/wp-content\/uploads\/2014\/01\/actes_6.mp4\">\/info-christianisme.org\/wp\/wp-content\/uploads\/2014\/01\/actes_6.mp4<\/a><\/video><\/div><\/td>\n<\/tr>\n<tr>\n<td style=\"text-align: center; border: none;\">\u00c9pisode 4<\/td>\n<td style=\"text-align: center; border: none;\">\u00c9pisode 5<\/td>\n<td style=\"text-align: center; border: none;\">\u00c9pisode 6<\/td>\n<\/tr>\n<tr>\n<td style=\"text-align: center;\"><\/td>\n<td style=\"text-align: center;\"><a href=\"\/info-christianisme.org\/wp\/wp-content\/uploads\/2014\/01\/actes_5.pdf\">Le texte en .pdf<\/a><\/td>\n<td style=\"text-align: center;\"><a href=\"\/info-christianisme.org\/wp\/wp-content\/uploads\/2014\/01\/actes_6.pdf\">Le texte en .pdf<\/a><\/td>\n<\/tr>\n<\/tbody>\n<\/table>\n","protected":false},"excerpt":{"rendered":"<p>\u00ab\u00a0Les actes des ap\u00f4tres\u00a0\u00bb, est une \u00e9mission r\u00e9alis\u00e9e par Georges Convert. \u00c9pisode 1 \u00c9pisode 2 \u00c9pisode 3 Le texte en .pdf Le texte en .pdf Le texte en .pdf \u00c9pisode 4 \u00c9pisode 5 \u00c9pisode 6 Le texte en .pdf Le texte en .pdf<\/p>\n","protected":false},"author":1,"featured_media":0,"parent":210,"menu_order":3,"comment_status":"closed","ping_status":"open","template":"","meta":{"jetpack_post_was_ever_published":false,"footnotes":""},"class_list":["post-329","page","type-page","status-publish","hentry"],"jetpack_sharing_enabled":true,"_links":{"self":[{"href":"https:\/\/relaismontroyal.org\/info-christianisme.org\/wp\/index.php?rest_route=\/wp\/v2\/pages\/329","targetHints":{"allow":["GET"]}}],"collection":[{"href":"https:\/\/relaismontroyal.org\/info-christianisme.org\/wp\/index.php?rest_route=\/wp\/v2\/pages"}],"about":[{"href":"https:\/\/relaismontroyal.org\/info-christianisme.org\/wp\/index.php?rest_route=\/wp\/v2\/types\/page"}],"author":[{"embeddable":true,"href":"https:\/\/relaismontroyal.org\/info-christianisme.org\/wp\/index.php?rest_route=\/wp\/v2\/users\/1"}],"replies":[{"embeddable":true,"href":"https:\/\/relaismontroyal.org\/info-christianisme.org\/wp\/index.php?rest_route=%2Fwp%2Fv2%2Fcomments&post=329"}],"version-history":[{"count":13,"href":"https:\/\/relaismontroyal.org\/info-christianisme.org\/wp\/index.php?rest_route=\/wp\/v2\/pages\/329\/revisions"}],"predecessor-version":[{"id":1543,"href":"https:\/\/relaismontroyal.org\/info-christianisme.org\/wp\/index.php?rest_route=\/wp\/v2\/pages\/329\/revisions\/1543"}],"up":[{"embeddable":true,"href":"https:\/\/relaismontroyal.org\/info-christianisme.org\/wp\/index.php?rest_route=\/wp\/v2\/pages\/210"}],"wp:attachment":[{"href":"https:\/\/relaismontroyal.org\/info-christianisme.org\/wp\/index.php?rest_route=%2Fwp%2Fv2%2Fmedia&parent=329"}],"curies":[{"name":"wp","href":"https:\/\/api.w.org\/{rel}","templated":true}]}}